{"id":139,"date":"2024-08-29T16:29:59","date_gmt":"2024-08-29T16:29:59","guid":{"rendered":"https:\/\/eficienciayeficacia.es\/?page_id=139"},"modified":"2025-08-21T16:03:56","modified_gmt":"2025-08-21T16:03:56","slug":"nosotros","status":"publish","type":"page","link":"https:\/\/eficienciayeficacia.es\/index.php\/nosotros\/","title":{"rendered":"Servicios"},"content":{"rendered":"<p>[et_pb_section fb_built=\u00bb1&#8243; admin_label=\u00bbHeader\u00bb _builder_version=\u00bb4.27.0&#8243; custom_padding=\u00bb8vw||||false|false\u00bb global_colors_info=\u00bb{}\u00bb use_background_color_gradient=\u00bbon\u00bb background_color_gradient_stops=\u00bb#a56e06 0%|#29c4a9 100%\u00bb background_image=\u00bbhttp:\/\/eficienciayeficacia.es\/wp-content\/uploads\/2024\/08\/portada01.jpg\u00bb background_blend=\u00bboverlay\u00bb][et_pb_row column_structure=\u00bb1_2,1_2&#8243; _builder_version=\u00bb4.16&#8243; global_colors_info=\u00bb{}\u00bb][et_pb_column type=\u00bb1_2&#8243; _builder_version=\u00bb4.16&#8243; custom_padding=\u00bb|||\u00bb global_colors_info=\u00bb{}\u00bb custom_padding__hover=\u00bb|||\u00bb][et_pb_text _builder_version=\u00bb4.27.0&#8243; text_font=\u00bb||||||||\u00bb header_font=\u00bbGlegoo|700|||||||\u00bb header_font_size=\u00bb80px\u00bb header_line_height=\u00bb1.3em\u00bb use_background_color_gradient=\u00bbon\u00bb background_color_gradient_direction=\u00bb150deg\u00bb background_color_gradient_stops=\u00bbrgba(0,174,255,0.16) 0%|rgba(29,72,192,0) 100%\u00bb background_color_gradient_start=\u00bbrgba(0,174,255,0.16)\u00bb background_color_gradient_end=\u00bbrgba(29,72,192,0)\u00bb text_orientation=\u00bbright\u00bb background_layout=\u00bbdark\u00bb custom_padding=\u00bb70px|70px|70px|70px|true|true\u00bb custom_padding_tablet=\u00bb40px|40px|40px|40px|true|true\u00bb custom_padding_phone=\u00bb20px|20px|20px|20px|true|true\u00bb custom_padding_last_edited=\u00bbon|phone\u00bb animation_style=\u00bbflip\u00bb header_font_size_tablet=\u00bb50px\u00bb header_font_size_phone=\u00bb30px\u00bb header_font_size_last_edited=\u00bbon|phone\u00bb box_shadow_style=\u00bbpreset1&#8243; box_shadow_vertical=\u00bb40px\u00bb box_shadow_blur=\u00bb200px\u00bb box_shadow_spread=\u00bb-10px\u00bb global_colors_info=\u00bb{}\u00bb]<\/p>\n<h1>Nosotros<\/h1>\n<p>[\/et_pb_text][\/et_pb_column][et_pb_column type=\u00bb1_2&#8243; _builder_version=\u00bb4.16&#8243; custom_padding=\u00bb10vw|||\u00bb custom_padding_tablet=\u00bb20px|||\u00bb custom_padding_phone=\u00bb20px|||\u00bb custom_padding_last_edited=\u00bbon|desktop\u00bb global_colors_info=\u00bb{}\u00bb padding_tablet=\u00bb20px|||\u00bb padding_last_edited=\u00bbon|desktop\u00bb custom_padding__hover=\u00bb|||\u00bb padding_phone=\u00bb20px|||\u00bb][et_pb_text _builder_version=\u00bb4.27.0&#8243; text_font=\u00bb|600|||||||\u00bb text_font_size=\u00bb16px\u00bb text_line_height=\u00bb1.9em\u00bb background_layout=\u00bbdark\u00bb text_font_size_tablet=\u00bb\u00bb text_font_size_phone=\u00bb14px\u00bb text_font_size_last_edited=\u00bbon|phone\u00bb global_colors_info=\u00bb{}\u00bb]<\/p>\n<p><b>Nos dedicamos<\/b><span>\u00a0a impulsar el \u00e9xito comercial a trav\u00e9s de soluciones integrales que combinan la gesti\u00f3n y promoci\u00f3n de comercio agrupado con consultor\u00eda t\u00e9cnica especializada.<\/span><\/p>\n<p>[\/et_pb_text][et_pb_button button_url=\u00bbmailto:info@eficienciayeficacia.es\u00bb url_new_window=\u00bbon\u00bb button_text=\u00bbContacto\u00bb _builder_version=\u00bb4.27.0&#8243; custom_button=\u00bbon\u00bb button_text_size=\u00bb15px\u00bb button_text_color=\u00bb#ffffff\u00bb button_bg_color=\u00bbrgba(255,255,255,0)\u00bb button_border_color=\u00bb#ffffff\u00bb button_border_radius=\u00bb0px\u00bb button_letter_spacing=\u00bb2px\u00bb button_font=\u00bb|700||on|||||\u00bb custom_margin=\u00bb40px||||false\u00bb custom_padding=\u00bb14px|40px|14px|40px|true|true\u00bb box_shadow_style=\u00bbpreset7&#8243; box_shadow_horizontal=\u00bb0px\u00bb box_shadow_vertical=\u00bb0px\u00bb box_shadow_color=\u00bb#ffffff\u00bb global_colors_info=\u00bb{}\u00bb button_bg_color__hover_enabled=\u00bbon\u00bb box_shadow_vertical__hover=\u00bb200px\u00bb box_shadow_horizontal__hover_enabled=\u00bbon\u00bb box_shadow_horizontal__hover=\u00bb350px\u00bb button_text_color__hover_enabled=\u00bbon\u00bb button_text_color__hover=\u00bb#1d48c0&#8243; button_bg_color__hover=\u00bbrgba(255,255,255,0)\u00bb][\/et_pb_button][\/et_pb_column][\/et_pb_row][\/et_pb_section][et_pb_section fb_built=\u00bb1&#8243; bg_img_2=\u00bbhttp:\/\/eficienciayeficacia.es\/wp-content\/uploads\/2024\/08\/business-05.jpg\u00bb admin_label=\u00bbAbout\u00bb _builder_version=\u00bb4.16&#8243; background_image=\u00bbhttp:\/\/eficienciayeficacia.es\/wp-content\/uploads\/2024\/08\/investing-15.jpg\u00bb background_size=\u00bbinitial\u00bb background_position=\u00bbtop_center\u00bb global_colors_info=\u00bb{}\u00bb][et_pb_row _builder_version=\u00bb4.16&#8243; locked=\u00bboff\u00bb global_colors_info=\u00bb{}\u00bb parallax_1__hover=\u00bboff\u00bb parallax_1__hover_enabled=\u00bboff\u00bb parallax_2__hover=\u00bboff\u00bb parallax_2__hover_enabled=\u00bboff\u00bb parallax_3__hover=\u00bboff\u00bb parallax_3__hover_enabled=\u00bboff\u00bb parallax_4__hover=\u00bboff\u00bb parallax_4__hover_enabled=\u00bboff\u00bb parallax_method_1__hover=\u00bbon\u00bb parallax_method_1__hover_enabled=\u00bbon\u00bb parallax_method_2__hover=\u00bbon\u00bb parallax_method_2__hover_enabled=\u00bbon\u00bb parallax_method_3__hover=\u00bbon\u00bb parallax_method_3__hover_enabled=\u00bbon\u00bb parallax_method_4__hover=\u00bbon\u00bb parallax_method_4__hover_enabled=\u00bbon\u00bb][et_pb_column type=\u00bb4_4&#8243; _builder_version=\u00bb4.16&#8243; custom_padding=\u00bb|||\u00bb global_colors_info=\u00bb{}\u00bb custom_padding__hover=\u00bb|||\u00bb][et_pb_text _builder_version=\u00bb4.27.0&#8243; text_font=\u00bb||||||||\u00bb text_font_size=\u00bb15px\u00bb text_line_height=\u00bb2em\u00bb header_2_font=\u00bbGlegoo||||||||\u00bb header_2_font_size=\u00bb40px\u00bb header_2_line_height=\u00bb1.4em\u00bb header_4_font=\u00bb|700||on|||||\u00bb header_4_text_color=\u00bb#00695c\u00bb header_4_font_size=\u00bb16px\u00bb header_4_letter_spacing=\u00bb2px\u00bb header_4_line_height=\u00bb1.6em\u00bb text_orientation=\u00bbcenter\u00bb max_width=\u00bb600px\u00bb module_alignment=\u00bbcenter\u00bb hover_enabled=\u00bb0&#8243; header_2_font_size_tablet=\u00bb30px\u00bb header_2_font_size_phone=\u00bb22px\u00bb header_2_font_size_last_edited=\u00bbon|phone\u00bb header_4_font_size_tablet=\u00bb\u00bb header_4_font_size_phone=\u00bb14px\u00bb header_4_font_size_last_edited=\u00bbon|phone\u00bb locked=\u00bboff\u00bb global_colors_info=\u00bb{}\u00bb sticky_enabled=\u00bb0&#8243;]<\/p>\n<h4>Nuestra Historia<\/h4>\n<h2>Transformando el Comercio, Impulsando el Futuro<\/h2>\n<p>[\/et_pb_text][\/et_pb_column][\/et_pb_row][et_pb_row column_structure=\u00bb1_2,1_2&#8243; _builder_version=\u00bb4.16&#8243; global_colors_info=\u00bb{}\u00bb][et_pb_column type=\u00bb1_2&#8243; _builder_version=\u00bb4.16&#8243; custom_padding=\u00bb|||\u00bb global_colors_info=\u00bb{}\u00bb custom_padding__hover=\u00bb|||\u00bb][et_pb_text _builder_version=\u00bb4.27.0&#8243; text_font=\u00bb||||||||\u00bb text_font_size=\u00bb15px\u00bb text_line_height=\u00bb2em\u00bb header_2_font=\u00bbGlegoo||||||||\u00bb header_2_font_size=\u00bb40px\u00bb header_2_line_height=\u00bb1.4em\u00bb header_4_font=\u00bb|700||on|||||\u00bb header_4_text_color=\u00bb#1d48c0&#8243; header_4_font_size=\u00bb16px\u00bb header_4_letter_spacing=\u00bb2px\u00bb header_4_line_height=\u00bb1.6em\u00bb header_2_font_size_tablet=\u00bb30px\u00bb header_2_font_size_phone=\u00bb22px\u00bb header_2_font_size_last_edited=\u00bbon|phone\u00bb header_4_font_size_tablet=\u00bb\u00bb header_4_font_size_phone=\u00bb14px\u00bb header_4_font_size_last_edited=\u00bbon|phone\u00bb locked=\u00bboff\u00bb global_colors_info=\u00bb{}\u00bb]<\/p>\n<p>Fundada en 2024, Eficiencia y Eficacia en Mercados y Comercios, S.L. nace con el objetivo de revolucionar la gesti\u00f3n y promoci\u00f3n de comercios agrupados. Nuestros servicios abarcan la consultor\u00eda t\u00e9cnica, gesti\u00f3n agrupada y la promoci\u00f3n comercial, entre otros.<\/p>\n<p>[\/et_pb_text][\/et_pb_column][et_pb_column type=\u00bb1_2&#8243; _builder_version=\u00bb4.16&#8243; custom_padding=\u00bb|||\u00bb global_colors_info=\u00bb{}\u00bb custom_padding__hover=\u00bb|||\u00bb][et_pb_text _builder_version=\u00bb4.27.0&#8243; text_font=\u00bb||||||||\u00bb text_font_size=\u00bb15px\u00bb text_line_height=\u00bb2em\u00bb header_2_font=\u00bbGlegoo||||||||\u00bb header_2_font_size=\u00bb40px\u00bb header_2_line_height=\u00bb1.4em\u00bb header_4_font=\u00bb|700||on|||||\u00bb header_4_text_color=\u00bb#1d48c0&#8243; header_4_font_size=\u00bb16px\u00bb header_4_letter_spacing=\u00bb2px\u00bb header_4_line_height=\u00bb1.6em\u00bb header_2_font_size_tablet=\u00bb30px\u00bb header_2_font_size_phone=\u00bb22px\u00bb header_2_font_size_last_edited=\u00bbon|phone\u00bb header_4_font_size_tablet=\u00bb\u00bb header_4_font_size_phone=\u00bb14px\u00bb header_4_font_size_last_edited=\u00bbon|phone\u00bb locked=\u00bboff\u00bb global_colors_info=\u00bb{}\u00bb]<\/p>\n<p>Buscamos constantemente nuevas formas de mejorar y crecer.<br \/>Nos dedicamos a cumplir nuestras promesas y objetivos.<br \/>Nos esforzamos por ofrecer la m\u00e1xima calidad en todos nuestros servicios.<\/p>\n<p>[\/et_pb_text][\/et_pb_column][\/et_pb_row][\/et_pb_section][et_pb_section fb_built=\u00bb1&#8243; make_equal=\u00bbon\u00bb use_custom_gutter=\u00bbon\u00bb gutter_width=\u00bb2&#8243; bg_img_2=\u00bbhttp:\/\/eficienciayeficacia.es\/wp-content\/uploads\/2024\/08\/business-05.jpg\u00bb admin_label=\u00bbMission\u00bb _builder_version=\u00bb4.16&#8243; global_colors_info=\u00bb{}\u00bb][et_pb_row column_structure=\u00bb2_5,3_5&#8243; padding_top_bottom_link_1=\u00bbtrue\u00bb padding_top_bottom_link_2=\u00bbfalse\u00bb padding_left_right_link_1=\u00bbtrue\u00bb _builder_version=\u00bb4.27.0&#8243; hover_enabled=\u00bb0&#8243; global_colors_info=\u00bb{}\u00bb sticky_enabled=\u00bb0&#8243;][et_pb_column type=\u00bb2_5&#8243; _builder_version=\u00bb4.27.0&#8243; background_color=\u00bb#00695c\u00bb custom_padding=\u00bb60px|40px|60px|40px\u00bb hover_enabled=\u00bb0&#8243; global_colors_info=\u00bb{}\u00bb custom_padding__hover=\u00bb|||\u00bb sticky_enabled=\u00bb0&#8243;][et_pb_text _builder_version=\u00bb4.27.0&#8243; text_font=\u00bb||||||||\u00bb text_font_size=\u00bb15px\u00bb text_line_height=\u00bb2em\u00bb header_font=\u00bb||||||||\u00bb header_3_font=\u00bbGlegoo||||||||\u00bb header_3_font_size=\u00bb30px\u00bb header_3_line_height=\u00bb1.4em\u00bb header_4_font=\u00bb|700||on|||||\u00bb header_4_text_color=\u00bb#1d48c0&#8243; header_4_font_size=\u00bb22px\u00bb header_4_letter_spacing=\u00bb2px\u00bb header_4_line_height=\u00bb1.6em\u00bb background_layout=\u00bbdark\u00bb header_3_font_size_tablet=\u00bb30px\u00bb header_3_font_size_phone=\u00bb22px\u00bb header_3_font_size_last_edited=\u00bbon|phone\u00bb header_4_font_size_tablet=\u00bb\u00bb header_4_font_size_phone=\u00bb16px\u00bb header_4_font_size_last_edited=\u00bbon|tablet\u00bb locked=\u00bboff\u00bb global_colors_info=\u00bb{}\u00bb header_2_font_size__hover=\u00bb26px\u00bb header_2_font_size__hover_enabled=\u00bb26px\u00bb header_2_letter_spacing__hover=\u00bb0px\u00bb header_2_letter_spacing__hover_enabled=\u00bb0px\u00bb header_2_line_height__hover=\u00bb1em\u00bb header_2_line_height__hover_enabled=\u00bb1em\u00bb header_2_text_shadow_style__hover=\u00bbnone\u00bb header_2_text_shadow_style__hover_enabled=\u00bbnone\u00bb header_2_text_shadow_color__hover=\u00bbrgba(0,0,0,0.4)\u00bb header_2_text_shadow_color__hover_enabled=\u00bbrgba(0,0,0,0.4)\u00bb]<\/p>\n<h3>Nuestra Misi\u00f3n &amp;\u00a0 Vision<\/h3>\n<p>Enfoque innovador y un compromiso s\u00f3lido con la excelencia, ayudamos a nuestros clientes a alcanzar sus objetivos comerciales en un entorno competitivo.<\/p>\n<p>[\/et_pb_text][\/et_pb_column][et_pb_column type=\u00bb3_5&#8243; _builder_version=\u00bb4.16&#8243; custom_padding=\u00bb|||\u00bb custom_padding_tablet=\u00bb0px||\u00bb custom_padding_last_edited=\u00bboff|desktop\u00bb global_colors_info=\u00bb{}\u00bb padding_tablet=\u00bb0px||\u00bb padding_last_edited=\u00bboff|desktop\u00bb custom_padding__hover=\u00bb|||\u00bb][et_pb_text _builder_version=\u00bb4.27.0&#8243; text_font=\u00bb||||||||\u00bb text_font_size=\u00bb15px\u00bb text_line_height=\u00bb2em\u00bb header_font=\u00bb||||||||\u00bb header_4_font=\u00bb|700||on|||||\u00bb header_4_text_color=\u00bb#00695c\u00bb header_4_font_size=\u00bb14px\u00bb header_4_letter_spacing=\u00bb2px\u00bb header_4_line_height=\u00bb1.6em\u00bb hover_enabled=\u00bb0&#8243; header_4_font_size_phone=\u00bb14px\u00bb header_4_font_size_last_edited=\u00bboff|desktop\u00bb locked=\u00bboff\u00bb global_colors_info=\u00bb{}\u00bb header_2_font_size__hover=\u00bb26px\u00bb header_2_font_size__hover_enabled=\u00bb26px\u00bb header_2_letter_spacing__hover=\u00bb0px\u00bb header_2_letter_spacing__hover_enabled=\u00bb0px\u00bb header_2_line_height__hover=\u00bb1em\u00bb header_2_line_height__hover_enabled=\u00bb1em\u00bb header_2_text_shadow_style__hover=\u00bbnone\u00bb header_2_text_shadow_style__hover_enabled=\u00bbnone\u00bb header_2_text_shadow_color__hover=\u00bbrgba(0,0,0,0.4)\u00bb header_2_text_shadow_color__hover_enabled=\u00bbrgba(0,0,0,0.4)\u00bb header_3_font_size__hover=\u00bb22px\u00bb header_3_font_size__hover_enabled=\u00bb22px\u00bb header_3_letter_spacing__hover=\u00bb0px\u00bb header_3_letter_spacing__hover_enabled=\u00bb0px\u00bb header_3_line_height__hover=\u00bb1em\u00bb header_3_line_height__hover_enabled=\u00bb1em\u00bb header_3_text_shadow_style__hover=\u00bbnone\u00bb header_3_text_shadow_style__hover_enabled=\u00bbnone\u00bb header_3_text_shadow_color__hover=\u00bbrgba(0,0,0,0.4)\u00bb header_3_text_shadow_color__hover_enabled=\u00bbrgba(0,0,0,0.4)\u00bb sticky_enabled=\u00bb0&#8243;]<\/p>\n<h4>Mision<\/h4>\n<p>Proveer soluciones integrales y efectivas que impulsen el crecimiento y la sostenibilidad de los negocios en un entorno din\u00e1mico y competitivo.<\/p>\n<p>[\/et_pb_text][et_pb_text _builder_version=\u00bb4.27.0&#8243; text_font=\u00bb||||||||\u00bb text_font_size=\u00bb15px\u00bb text_line_height=\u00bb2em\u00bb header_font=\u00bb||||||||\u00bb header_4_font=\u00bb|700||on|||||\u00bb header_4_text_color=\u00bb#00695c\u00bb header_4_font_size=\u00bb14px\u00bb header_4_letter_spacing=\u00bb2px\u00bb header_4_line_height=\u00bb1.6em\u00bb hover_enabled=\u00bb0&#8243; header_4_font_size_phone=\u00bb14px\u00bb header_4_font_size_last_edited=\u00bboff|desktop\u00bb locked=\u00bboff\u00bb global_colors_info=\u00bb{}\u00bb header_2_font_size__hover=\u00bb26px\u00bb header_2_font_size__hover_enabled=\u00bb26px\u00bb header_2_letter_spacing__hover=\u00bb0px\u00bb header_2_letter_spacing__hover_enabled=\u00bb0px\u00bb header_2_line_height__hover=\u00bb1em\u00bb header_2_line_height__hover_enabled=\u00bb1em\u00bb header_2_text_shadow_style__hover=\u00bbnone\u00bb header_2_text_shadow_style__hover_enabled=\u00bbnone\u00bb header_2_text_shadow_color__hover=\u00bbrgba(0,0,0,0.4)\u00bb header_2_text_shadow_color__hover_enabled=\u00bbrgba(0,0,0,0.4)\u00bb header_3_font_size__hover=\u00bb22px\u00bb header_3_font_size__hover_enabled=\u00bb22px\u00bb header_3_letter_spacing__hover=\u00bb0px\u00bb header_3_letter_spacing__hover_enabled=\u00bb0px\u00bb header_3_line_height__hover=\u00bb1em\u00bb header_3_line_height__hover_enabled=\u00bb1em\u00bb header_3_text_shadow_style__hover=\u00bbnone\u00bb header_3_text_shadow_style__hover_enabled=\u00bbnone\u00bb header_3_text_shadow_color__hover=\u00bbrgba(0,0,0,0.4)\u00bb header_3_text_shadow_color__hover_enabled=\u00bbrgba(0,0,0,0.4)\u00bb sticky_enabled=\u00bb0&#8243;]<\/p>\n<h4>Vision<\/h4>\n<p>Ser l\u00edderes en la gesti\u00f3n comercial y consultor\u00eda t\u00e9cnica, reconocidos por nuestra innovaci\u00f3n, compromiso y resultados excepcionales.<\/p>\n<p>[\/et_pb_text][\/et_pb_column][\/et_pb_row][\/et_pb_section][et_pb_section fb_built=\u00bb1&#8243; fullwidth=\u00bbon\u00bb admin_label=\u00bbSection\u00bb _builder_version=\u00bb4.16&#8243; global_colors_info=\u00bb{}\u00bb][et_pb_fullwidth_image src=\u00bbhttp:\/\/eficienciayeficacia.es\/wp-content\/uploads\/2024\/08\/investing-30.jpg\u00bb _builder_version=\u00bb4.16&#8243; animation_style=\u00bbslide\u00bb animation_direction=\u00bbleft\u00bb animation_intensity_slide=\u00bb1%\u00bb global_colors_info=\u00bb{}\u00bb][\/et_pb_fullwidth_image][\/et_pb_section]<\/p>\n","protected":false},"excerpt":{"rendered":"<p>NosotrosNos dedicamos\u00a0a impulsar el \u00e9xito comercial a trav\u00e9s de soluciones integrales que combinan la gesti\u00f3n y promoci\u00f3n de comercio agrupado con consultor\u00eda t\u00e9cnica especializada.Nuestra Historia Transformando el Comercio, Impulsando el FuturoFundada en 2024, Eficiencia y Eficacia en Mercados y Comercios, S.L. nace con el objetivo de revolucionar la gesti\u00f3n y promoci\u00f3n de comercios agrupados. Nuestros [&hellip;]<\/p>\n","protected":false},"author":1,"featured_media":0,"parent":0,"menu_order":0,"comment_status":"closed","ping_status":"closed","template":"","meta":{"_et_pb_use_builder":"on","_et_pb_old_content":"","_et_gb_content_width":"","footnotes":""},"class_list":["post-139","page","type-page","status-publish","hentry"],"yoast_head":"<!-- This site is optimized with the Yoast SEO plugin v25.7 - https:\/\/yoast.com\/wordpress\/plugins\/seo\/ -->\n<title>Servicios - Eficiencia y Eficacia<\/title>\n<meta name=\"robots\" content=\"index, follow, max-snippet:-1, max-image-preview:large, max-video-preview:-1\" \/>\n<link rel=\"canonical\" href=\"https:\/\/eficienciayeficacia.es\/index.php\/nosotros\/\" \/>\n<meta property=\"og:locale\" content=\"es_ES\" \/>\n<meta property=\"og:type\" content=\"article\" \/>\n<meta property=\"og:title\" content=\"Servicios - Eficiencia y Eficacia\" \/>\n<meta property=\"og:description\" content=\"NosotrosNos dedicamos\u00a0a impulsar el \u00e9xito comercial a trav\u00e9s de soluciones integrales que combinan la gesti\u00f3n y promoci\u00f3n de comercio agrupado con consultor\u00eda t\u00e9cnica especializada.Nuestra Historia Transformando el Comercio, Impulsando el FuturoFundada en 2024, Eficiencia y Eficacia en Mercados y Comercios, S.L. nace con el objetivo de revolucionar la gesti\u00f3n y promoci\u00f3n de comercios agrupados. Nuestros [&hellip;]\" \/>\n<meta property=\"og:url\" content=\"https:\/\/eficienciayeficacia.es\/index.php\/nosotros\/\" \/>\n<meta property=\"og:site_name\" content=\"Eficiencia y Eficacia\" \/>\n<meta property=\"article:modified_time\" content=\"2025-08-21T16:03:56+00:00\" \/>\n<meta name=\"twitter:card\" content=\"summary_large_image\" \/>\n<meta name=\"twitter:label1\" content=\"Tiempo de lectura\" \/>\n\t<meta name=\"twitter:data1\" content=\"9 minutos\" \/>\n<script type=\"application\/ld+json\" class=\"yoast-schema-graph\">{\"@context\":\"https:\/\/schema.org\",\"@graph\":[{\"@type\":\"WebPage\",\"@id\":\"https:\/\/eficienciayeficacia.es\/index.php\/nosotros\/\",\"url\":\"https:\/\/eficienciayeficacia.es\/index.php\/nosotros\/\",\"name\":\"Servicios - Eficiencia y Eficacia\",\"isPartOf\":{\"@id\":\"http:\/\/eficienciayeficacia.es\/#website\"},\"datePublished\":\"2024-08-29T16:29:59+00:00\",\"dateModified\":\"2025-08-21T16:03:56+00:00\",\"breadcrumb\":{\"@id\":\"https:\/\/eficienciayeficacia.es\/index.php\/nosotros\/#breadcrumb\"},\"inLanguage\":\"es\",\"potentialAction\":[{\"@type\":\"ReadAction\",\"target\":[\"https:\/\/eficienciayeficacia.es\/index.php\/nosotros\/\"]}]},{\"@type\":\"BreadcrumbList\",\"@id\":\"https:\/\/eficienciayeficacia.es\/index.php\/nosotros\/#breadcrumb\",\"itemListElement\":[{\"@type\":\"ListItem\",\"position\":1,\"name\":\"Portada\",\"item\":\"http:\/\/eficienciayeficacia.es\/\"},{\"@type\":\"ListItem\",\"position\":2,\"name\":\"Servicios\"}]},{\"@type\":\"WebSite\",\"@id\":\"http:\/\/eficienciayeficacia.es\/#website\",\"url\":\"http:\/\/eficienciayeficacia.es\/\",\"name\":\"Eficiencia y Eficacia\",\"description\":\"\u2022\\tEn Eficiencia y Eficacia nos especializamos en la gesti\u00f3n integral y promoci\u00f3n comercial de comercios agrupados, as\u00ed como en la consultor\u00eda t\u00e9cnica para el desarrollo y crecimiento de negocios.\",\"potentialAction\":[{\"@type\":\"SearchAction\",\"target\":{\"@type\":\"EntryPoint\",\"urlTemplate\":\"http:\/\/eficienciayeficacia.es\/?s={search_term_string}\"},\"query-input\":{\"@type\":\"PropertyValueSpecification\",\"valueRequired\":true,\"valueName\":\"search_term_string\"}}],\"inLanguage\":\"es\"}]}<\/script>\n<!-- \/ Yoast SEO plugin. -->","yoast_head_json":{"title":"Servicios - Eficiencia y Eficacia","robots":{"index":"index","follow":"follow","max-snippet":"max-snippet:-1","max-image-preview":"max-image-preview:large","max-video-preview":"max-video-preview:-1"},"canonical":"https:\/\/eficienciayeficacia.es\/index.php\/nosotros\/","og_locale":"es_ES","og_type":"article","og_title":"Servicios - Eficiencia y Eficacia","og_description":"NosotrosNos dedicamos\u00a0a impulsar el \u00e9xito comercial a trav\u00e9s de soluciones integrales que combinan la gesti\u00f3n y promoci\u00f3n de comercio agrupado con consultor\u00eda t\u00e9cnica especializada.Nuestra Historia Transformando el Comercio, Impulsando el FuturoFundada en 2024, Eficiencia y Eficacia en Mercados y Comercios, S.L. nace con el objetivo de revolucionar la gesti\u00f3n y promoci\u00f3n de comercios agrupados. Nuestros [&hellip;]","og_url":"https:\/\/eficienciayeficacia.es\/index.php\/nosotros\/","og_site_name":"Eficiencia y Eficacia","article_modified_time":"2025-08-21T16:03:56+00:00","twitter_card":"summary_large_image","twitter_misc":{"Tiempo de lectura":"9 minutos"},"schema":{"@context":"https:\/\/schema.org","@graph":[{"@type":"WebPage","@id":"https:\/\/eficienciayeficacia.es\/index.php\/nosotros\/","url":"https:\/\/eficienciayeficacia.es\/index.php\/nosotros\/","name":"Servicios - Eficiencia y Eficacia","isPartOf":{"@id":"http:\/\/eficienciayeficacia.es\/#website"},"datePublished":"2024-08-29T16:29:59+00:00","dateModified":"2025-08-21T16:03:56+00:00","breadcrumb":{"@id":"https:\/\/eficienciayeficacia.es\/index.php\/nosotros\/#breadcrumb"},"inLanguage":"es","potentialAction":[{"@type":"ReadAction","target":["https:\/\/eficienciayeficacia.es\/index.php\/nosotros\/"]}]},{"@type":"BreadcrumbList","@id":"https:\/\/eficienciayeficacia.es\/index.php\/nosotros\/#breadcrumb","itemListElement":[{"@type":"ListItem","position":1,"name":"Portada","item":"http:\/\/eficienciayeficacia.es\/"},{"@type":"ListItem","position":2,"name":"Servicios"}]},{"@type":"WebSite","@id":"http:\/\/eficienciayeficacia.es\/#website","url":"http:\/\/eficienciayeficacia.es\/","name":"Eficiencia y Eficacia","description":"\u2022\tEn Eficiencia y Eficacia nos especializamos en la gesti\u00f3n integral y promoci\u00f3n comercial de comercios agrupados, as\u00ed como en la consultor\u00eda t\u00e9cnica para el desarrollo y crecimiento de negocios.","potentialAction":[{"@type":"SearchAction","target":{"@type":"EntryPoint","urlTemplate":"http:\/\/eficienciayeficacia.es\/?s={search_term_string}"},"query-input":{"@type":"PropertyValueSpecification","valueRequired":true,"valueName":"search_term_string"}}],"inLanguage":"es"}]}},"_links":{"self":[{"href":"https:\/\/eficienciayeficacia.es\/index.php\/wp-json\/wp\/v2\/pages\/139","targetHints":{"allow":["GET"]}}],"collection":[{"href":"https:\/\/eficienciayeficacia.es\/index.php\/wp-json\/wp\/v2\/pages"}],"about":[{"href":"https:\/\/eficienciayeficacia.es\/index.php\/wp-json\/wp\/v2\/types\/page"}],"author":[{"embeddable":true,"href":"https:\/\/eficienciayeficacia.es\/index.php\/wp-json\/wp\/v2\/users\/1"}],"replies":[{"embeddable":true,"href":"https:\/\/eficienciayeficacia.es\/index.php\/wp-json\/wp\/v2\/comments?post=139"}],"version-history":[{"count":9,"href":"https:\/\/eficienciayeficacia.es\/index.php\/wp-json\/wp\/v2\/pages\/139\/revisions"}],"predecessor-version":[{"id":188,"href":"https:\/\/eficienciayeficacia.es\/index.php\/wp-json\/wp\/v2\/pages\/139\/revisions\/188"}],"wp:attachment":[{"href":"https:\/\/eficienciayeficacia.es\/index.php\/wp-json\/wp\/v2\/media?parent=139"}],"curies":[{"name":"wp","href":"https:\/\/api.w.org\/{rel}","templated":true}]}}