{"id":118,"date":"2024-08-29T15:58:57","date_gmt":"2024-08-29T15:58:57","guid":{"rendered":"https:\/\/eficienciayeficacia.es\/?page_id=118"},"modified":"2024-08-29T15:59:11","modified_gmt":"2024-08-29T15:59:11","slug":"privacidad","status":"publish","type":"page","link":"https:\/\/eficienciayeficacia.es\/index.php\/privacidad\/","title":{"rendered":"Privacidad"},"content":{"rendered":"<p>[et_pb_section fb_built=\u00bb1&#8243; theme_builder_area=\u00bbpost_content\u00bb _builder_version=\u00bb4.27.0&#8243; _module_preset=\u00bbdefault\u00bb][et_pb_row _builder_version=\u00bb4.27.0&#8243; _module_preset=\u00bbdefault\u00bb theme_builder_area=\u00bbpost_content\u00bb][et_pb_column _builder_version=\u00bb4.27.0&#8243; _module_preset=\u00bbdefault\u00bb type=\u00bb4_4&#8243; theme_builder_area=\u00bbpost_content\u00bb][et_pb_text _builder_version=\u00bb4.27.0&#8243; _module_preset=\u00bbdefault\u00bb theme_builder_area=\u00bbpost_content\u00bb hover_enabled=\u00bb0&#8243; sticky_enabled=\u00bb0&#8243;]<\/p>\n<h1><span><strong>POL\u00cdTICA DE PRIVACIDAD<\/strong><\/span><\/h1>\n<p><span>Con el fin de dar cumplimiento a lo dispuesto en la normativa vigente sobre protecci\u00f3n de datos, Ley Org\u00e1nica 3\/2018, de 5 de diciembre, de Protecci\u00f3n de Datos Personales y Garant\u00eda de los Derechos Digitales, y Reglamento (UE) 2016\/679 del Parlamento Europeo y del Consejo de 27 de abril de 2016, relativo a la protecci\u00f3n de las personas f\u00edsicas en lo que respecta al tratamiento de datos personales y a la libre circulaci\u00f3n de estos datos y por el que se deroga la Directiva 95\/46\/CE, Reglamento general de protecci\u00f3n de datos, le informamos a continuaci\u00f3n sobre el tratamiento de sus datos personales:<\/span><\/p>\n<p><span>\u00a0<\/span><\/p>\n<h2><span><strong>Responsable del tratamiento de sus datos<\/strong><\/span><\/h2>\n<p><span>Identidad: <a href=\"https:\/\/www.valentindiazsanchez.es\/contacto\/\"><strong>Eficiencia y Eficacia<\/strong><\/a><\/span><\/p>\n<p><span>Correo electr\u00f3nico:\u00a0<strong>info@eficienciayeficacia.es<\/strong><\/span><\/p>\n<p><span>\u00a0<\/span><\/p>\n<h2><span><strong>Finalidad con la que tratamos sus datos personales<\/strong><\/span><\/h2>\n<p><span>En <a href=\"https:\/\/www.valentindiazsanchez.es\/contacto\/\"><strong>Eficiencia y Eficacia<\/strong><\/a><strong><a href=\"https:\/\/www.valentindiazsanchez.es\/contacto\/\"><\/a><\/strong>\u00a0tratamos los datos que nos ha facilitado a trav\u00e9s del formulario de contacto, \u00fanicamente con el fin de atender la solicitud o consulta que en dicho formulario nos exprese.<\/span><\/p>\n<p><span>\u00a0<\/span><\/p>\n<h2><span><strong>Tiempo que conservaremos sus datos<\/strong><\/span><\/h2>\n<p><span>Sus datos se conservar\u00e1n mientras contin\u00faen siendo necesarios para tramitar su solicitud, o durante el tiempo necesario para el ejercicio o la defensa de posibles reclamaciones.<\/span><\/p>\n<p><span>\u00a0<\/span><\/p>\n<h2><span><strong>Legitimaci\u00f3n para el tratamiento de sus datos<\/strong><\/span><\/h2>\n<p><span>La base legal para el tratamiento de sus datos es el consentimiento que usted expresa al facilitarnos dichos datos y aceptar esta pol\u00edtica de privacidad.<\/span><\/p>\n<p><span>\u00a0<\/span><\/p>\n<h2><span><strong>Destinatarios a los que se comunicar\u00e1n sus datos<\/strong><\/span><\/h2>\n<p><span>Sus datos personales no ser\u00e1n comunicados a terceros, excepto si fuera necesario para atender su solicitud, o salvo cuando exista una obligaci\u00f3n legal.<\/span><\/p>\n<p><span>\u00a0<\/span><\/p>\n<h2><span><strong>Derechos que tiene sobre sus datos<\/strong><\/span><\/h2>\n<p><span>Tiene derecho a obtener confirmaci\u00f3n sobre si en <a href=\"https:\/\/www.valentindiazsanchez.es\/contacto\/\"><strong>Eficiencia y Eficacia<\/strong><\/a>\u00a0estamos tratando datos personales que le conciernan.<\/span><\/p>\n<p><span>Las personas interesadas tienen derecho a acceder a sus datos personales, as\u00ed como solicitar la rectificaci\u00f3n de los datos inexactos o, en su caso, solicitar su supresi\u00f3n cuando, entre otros motivos, los datos ya no sean necesarios para los fines que fueron recogidos.<\/span><\/p>\n<p><span>En determinadas circunstancias los interesados podr\u00e1n solicitar la limitaci\u00f3n del tratamiento de sus datos, en cuyo caso \u00fanicamente los conservaremos para el ejercicio o la defensa de reclamaciones.<\/span><span>\u00a0<\/span><\/p>\n<p><span>En determinadas circunstancias y por motivos relacionados con su situaci\u00f3n particular, los interesados podr\u00e1n oponerse al tratamiento de sus datos. <a href=\"https:\/\/www.valentindiazsanchez.es\/contacto\/\"><strong>Eficiencia y Eficacia<\/strong><\/a>\u00a0dejar\u00e1 de tratar los datos, salvo por motivos leg\u00edtimos imperiosos, o el ejercicio o la defensa de posibles reclamaciones.<\/span><\/p>\n<p><span>Como titular de los datos, usted tendr\u00e1 derecho a solicitar la portabilidad de sus datos a otro Responsable del Tratamiento, si as\u00ed lo estima oportuno.<\/span><\/p>\n<p><span>Si en alg\u00fan momento usted considera que no se han tratado sus datos conforme a lo establecido en la normativa vigente en materia de protecci\u00f3n de datos, tendr\u00e1 derecho a presentar una reclamaci\u00f3n ante la autoridad de control competente.<\/span><\/p>\n<p>[\/et_pb_text][\/et_pb_column][\/et_pb_row][\/et_pb_section]<\/p>\n","protected":false},"excerpt":{"rendered":"<p>POL\u00cdTICA DE PRIVACIDAD Con el fin de dar cumplimiento a lo dispuesto en la normativa vigente sobre protecci\u00f3n de datos, Ley Org\u00e1nica 3\/2018, de 5 de diciembre, de Protecci\u00f3n de Datos Personales y Garant\u00eda de los Derechos Digitales, y Reglamento (UE) 2016\/679 del Parlamento Europeo y del Consejo de 27 de abril de 2016, relativo [&hellip;]<\/p>\n","protected":false},"author":1,"featured_media":0,"parent":0,"menu_order":0,"comment_status":"closed","ping_status":"closed","template":"","meta":{"_et_pb_use_builder":"on","_et_pb_old_content":"","_et_gb_content_width":"","footnotes":""},"class_list":["post-118","page","type-page","status-publish","hentry"],"yoast_head":"<!-- This site is optimized with the Yoast SEO plugin v25.7 - https:\/\/yoast.com\/wordpress\/plugins\/seo\/ -->\n<title>Privacidad - Eficiencia y Eficacia<\/title>\n<meta name=\"robots\" content=\"index, follow, max-snippet:-1, max-image-preview:large, max-video-preview:-1\" \/>\n<link rel=\"canonical\" href=\"https:\/\/eficienciayeficacia.es\/index.php\/privacidad\/\" \/>\n<meta property=\"og:locale\" content=\"es_ES\" \/>\n<meta property=\"og:type\" content=\"article\" \/>\n<meta property=\"og:title\" content=\"Privacidad - Eficiencia y Eficacia\" \/>\n<meta property=\"og:description\" content=\"POL\u00cdTICA DE PRIVACIDAD Con el fin de dar cumplimiento a lo dispuesto en la normativa vigente sobre protecci\u00f3n de datos, Ley Org\u00e1nica 3\/2018, de 5 de diciembre, de Protecci\u00f3n de Datos Personales y Garant\u00eda de los Derechos Digitales, y Reglamento (UE) 2016\/679 del Parlamento Europeo y del Consejo de 27 de abril de 2016, relativo [&hellip;]\" \/>\n<meta property=\"og:url\" content=\"https:\/\/eficienciayeficacia.es\/index.php\/privacidad\/\" \/>\n<meta property=\"og:site_name\" content=\"Eficiencia y Eficacia\" \/>\n<meta property=\"article:modified_time\" content=\"2024-08-29T15:59:11+00:00\" \/>\n<meta name=\"twitter:card\" content=\"summary_large_image\" \/>\n<meta name=\"twitter:label1\" content=\"Tiempo de lectura\" \/>\n\t<meta name=\"twitter:data1\" content=\"3 minutos\" \/>\n<script type=\"application\/ld+json\" class=\"yoast-schema-graph\">{\"@context\":\"https:\/\/schema.org\",\"@graph\":[{\"@type\":\"WebPage\",\"@id\":\"https:\/\/eficienciayeficacia.es\/index.php\/privacidad\/\",\"url\":\"https:\/\/eficienciayeficacia.es\/index.php\/privacidad\/\",\"name\":\"Privacidad - Eficiencia y Eficacia\",\"isPartOf\":{\"@id\":\"http:\/\/eficienciayeficacia.es\/#website\"},\"datePublished\":\"2024-08-29T15:58:57+00:00\",\"dateModified\":\"2024-08-29T15:59:11+00:00\",\"breadcrumb\":{\"@id\":\"https:\/\/eficienciayeficacia.es\/index.php\/privacidad\/#breadcrumb\"},\"inLanguage\":\"es\",\"potentialAction\":[{\"@type\":\"ReadAction\",\"target\":[\"https:\/\/eficienciayeficacia.es\/index.php\/privacidad\/\"]}]},{\"@type\":\"BreadcrumbList\",\"@id\":\"https:\/\/eficienciayeficacia.es\/index.php\/privacidad\/#breadcrumb\",\"itemListElement\":[{\"@type\":\"ListItem\",\"position\":1,\"name\":\"Portada\",\"item\":\"http:\/\/eficienciayeficacia.es\/\"},{\"@type\":\"ListItem\",\"position\":2,\"name\":\"Privacidad\"}]},{\"@type\":\"WebSite\",\"@id\":\"http:\/\/eficienciayeficacia.es\/#website\",\"url\":\"http:\/\/eficienciayeficacia.es\/\",\"name\":\"Eficiencia y Eficacia\",\"description\":\"\u2022\\tEn Eficiencia y Eficacia nos especializamos en la gesti\u00f3n integral y promoci\u00f3n comercial de comercios agrupados, as\u00ed como en la consultor\u00eda t\u00e9cnica para el desarrollo y crecimiento de negocios.\",\"potentialAction\":[{\"@type\":\"SearchAction\",\"target\":{\"@type\":\"EntryPoint\",\"urlTemplate\":\"http:\/\/eficienciayeficacia.es\/?s={search_term_string}\"},\"query-input\":{\"@type\":\"PropertyValueSpecification\",\"valueRequired\":true,\"valueName\":\"search_term_string\"}}],\"inLanguage\":\"es\"}]}<\/script>\n<!-- \/ Yoast SEO plugin. -->","yoast_head_json":{"title":"Privacidad - Eficiencia y Eficacia","robots":{"index":"index","follow":"follow","max-snippet":"max-snippet:-1","max-image-preview":"max-image-preview:large","max-video-preview":"max-video-preview:-1"},"canonical":"https:\/\/eficienciayeficacia.es\/index.php\/privacidad\/","og_locale":"es_ES","og_type":"article","og_title":"Privacidad - Eficiencia y Eficacia","og_description":"POL\u00cdTICA DE PRIVACIDAD Con el fin de dar cumplimiento a lo dispuesto en la normativa vigente sobre protecci\u00f3n de datos, Ley Org\u00e1nica 3\/2018, de 5 de diciembre, de Protecci\u00f3n de Datos Personales y Garant\u00eda de los Derechos Digitales, y Reglamento (UE) 2016\/679 del Parlamento Europeo y del Consejo de 27 de abril de 2016, relativo [&hellip;]","og_url":"https:\/\/eficienciayeficacia.es\/index.php\/privacidad\/","og_site_name":"Eficiencia y Eficacia","article_modified_time":"2024-08-29T15:59:11+00:00","twitter_card":"summary_large_image","twitter_misc":{"Tiempo de lectura":"3 minutos"},"schema":{"@context":"https:\/\/schema.org","@graph":[{"@type":"WebPage","@id":"https:\/\/eficienciayeficacia.es\/index.php\/privacidad\/","url":"https:\/\/eficienciayeficacia.es\/index.php\/privacidad\/","name":"Privacidad - Eficiencia y Eficacia","isPartOf":{"@id":"http:\/\/eficienciayeficacia.es\/#website"},"datePublished":"2024-08-29T15:58:57+00:00","dateModified":"2024-08-29T15:59:11+00:00","breadcrumb":{"@id":"https:\/\/eficienciayeficacia.es\/index.php\/privacidad\/#breadcrumb"},"inLanguage":"es","potentialAction":[{"@type":"ReadAction","target":["https:\/\/eficienciayeficacia.es\/index.php\/privacidad\/"]}]},{"@type":"BreadcrumbList","@id":"https:\/\/eficienciayeficacia.es\/index.php\/privacidad\/#breadcrumb","itemListElement":[{"@type":"ListItem","position":1,"name":"Portada","item":"http:\/\/eficienciayeficacia.es\/"},{"@type":"ListItem","position":2,"name":"Privacidad"}]},{"@type":"WebSite","@id":"http:\/\/eficienciayeficacia.es\/#website","url":"http:\/\/eficienciayeficacia.es\/","name":"Eficiencia y Eficacia","description":"\u2022\tEn Eficiencia y Eficacia nos especializamos en la gesti\u00f3n integral y promoci\u00f3n comercial de comercios agrupados, as\u00ed como en la consultor\u00eda t\u00e9cnica para el desarrollo y crecimiento de negocios.","potentialAction":[{"@type":"SearchAction","target":{"@type":"EntryPoint","urlTemplate":"http:\/\/eficienciayeficacia.es\/?s={search_term_string}"},"query-input":{"@type":"PropertyValueSpecification","valueRequired":true,"valueName":"search_term_string"}}],"inLanguage":"es"}]}},"_links":{"self":[{"href":"https:\/\/eficienciayeficacia.es\/index.php\/wp-json\/wp\/v2\/pages\/118","targetHints":{"allow":["GET"]}}],"collection":[{"href":"https:\/\/eficienciayeficacia.es\/index.php\/wp-json\/wp\/v2\/pages"}],"about":[{"href":"https:\/\/eficienciayeficacia.es\/index.php\/wp-json\/wp\/v2\/types\/page"}],"author":[{"embeddable":true,"href":"https:\/\/eficienciayeficacia.es\/index.php\/wp-json\/wp\/v2\/users\/1"}],"replies":[{"embeddable":true,"href":"https:\/\/eficienciayeficacia.es\/index.php\/wp-json\/wp\/v2\/comments?post=118"}],"version-history":[{"count":2,"href":"https:\/\/eficienciayeficacia.es\/index.php\/wp-json\/wp\/v2\/pages\/118\/revisions"}],"predecessor-version":[{"id":121,"href":"https:\/\/eficienciayeficacia.es\/index.php\/wp-json\/wp\/v2\/pages\/118\/revisions\/121"}],"wp:attachment":[{"href":"https:\/\/eficienciayeficacia.es\/index.php\/wp-json\/wp\/v2\/media?parent=118"}],"curies":[{"name":"wp","href":"https:\/\/api.w.org\/{rel}","templated":true}]}}