{"id":107,"date":"2024-08-29T15:44:00","date_gmt":"2024-08-29T15:44:00","guid":{"rendered":"https:\/\/eficienciayeficacia.es\/?page_id=107"},"modified":"2024-08-29T15:44:38","modified_gmt":"2024-08-29T15:44:38","slug":"aviso","status":"publish","type":"page","link":"https:\/\/eficienciayeficacia.es\/index.php\/aviso\/","title":{"rendered":"aviso"},"content":{"rendered":"<p>[et_pb_section fb_built=\u00bb1&#8243; theme_builder_area=\u00bbpost_content\u00bb _builder_version=\u00bb4.27.0&#8243; _module_preset=\u00bbdefault\u00bb][et_pb_row _builder_version=\u00bb4.27.0&#8243; _module_preset=\u00bbdefault\u00bb theme_builder_area=\u00bbpost_content\u00bb][et_pb_column _builder_version=\u00bb4.27.0&#8243; _module_preset=\u00bbdefault\u00bb type=\u00bb4_4&#8243; theme_builder_area=\u00bbpost_content\u00bb][et_pb_text _builder_version=\u00bb4.27.0&#8243; _module_preset=\u00bbdefault\u00bb theme_builder_area=\u00bbpost_content\u00bb hover_enabled=\u00bb0&#8243; sticky_enabled=\u00bb0&#8243;]<\/p>\n<h1><strong>Aviso Legal<\/strong><\/h1>\n<p><span>Dando cumplimiento al art\u00edculo 10 de la Ley 34\/2002, de 11 de julio, de Servicios de la Sociedad de la Informaci\u00f3n y del Comercio Electr\u00f3nico (LSSI), a continuaci\u00f3n se detallan los datos del titular y las normas de uso, de este sitio web:<\/span><\/p>\n<h2><span><strong>Datos del titular de la web<\/strong><\/span><\/h2>\n<p><span>Raz\u00f3n Social: <strong>Eficiencia y Eficacia <\/strong><\/span><\/p>\n<p><span>N.I.F: <\/span><strong>B67990788<\/strong><\/p>\n<p><span>Localidad: Madrid<\/span><\/p>\n<p><span>\u00a0<\/span><\/p>\n<h2><span>\u00a0<\/span><strong>Propiedad intelectual e industrial<\/strong><span>\u00a0<\/span><\/h2>\n<p><span>Los derechos de propiedad intelectual e industrial de este sitio web, as\u00ed\u00a0 como de los elementos contenidos en la misma, son titularidad de <strong>Eficiencia y Eficacia<\/strong>, o bien de terceros que han concedido la correspondiente autorizaci\u00f3n a <strong>Eficiencia y Eficacia<\/strong> La copia, reproducci\u00f3n, distribuci\u00f3n, comercializaci\u00f3n o transformaci\u00f3n, total o parcial, as\u00ed como la utilizaci\u00f3n no autorizada de la informaci\u00f3n contenida en este sitio web, supone una vulneraci\u00f3n de los derechos de propiedad intelectual, pudiendo dar lugar al ejercicio de acciones legales por parte de <strong>Eficiencia y Eficacia<\/strong>, y si procede, a la reclamaci\u00f3n de da\u00f1os y perjuicios.<\/span><\/p>\n<p><span>\u00a0<\/span><\/p>\n<h2><span>\u00a0<\/span><strong>Exclusi\u00f3n de garant\u00edas y responsabilidad<\/strong><\/h2>\n<p><span><strong>Hermanos S\u00e1nchez<\/strong>\u00a0no se hace responsable, en ning\u00fan caso, de los da\u00f1os y perjuicios que pudiera ocasionar cualquier error u omisi\u00f3n en los contenidos publicados en este sitio web, as\u00ed como la falta de disponibilidad del mismo.<\/span><\/p>\n<p><span>\u00a0<\/span><\/p>\n<p><span>A pesar de haberse adoptado las medidas t\u00e9cnicas necesarias para evitar la presencia de virus u otros programas o elementos maliciosos que puedan producir alteraciones en su sistema inform\u00e1tico, <strong>Eficiencia y Eficacia <\/strong>no puede garantizar plenamente la ausencia de los mismos, y por tanto, no se hace responsable de da\u00f1os ocasionados por la transmisi\u00f3n de este tipo de programas maliciosos.<\/span><\/p>\n<p><span><strong>Eficiencia y Eficacia\u00a0<\/strong> no se hace responsable de servicios o informaciones de terceros que se publiquen en este sitio web.<\/span><span>\u00a0<\/span><\/p>\n<p><span><strong>Eficiencia y Eficacia<\/strong> no supervisa ni ejerce ning\u00fan tipo de control sobre sitios webs de terceros, enlazados con \u00e9ste, por tanto no se hace responsable de informaciones o servicios que se presten en sitios de terceros.<\/span><\/p>\n<p><span>\u00a0<\/span><span>\u00a0<\/span><\/p>\n<h2><span><strong>Usuarios<\/strong><\/span><\/h2>\n<p><span>El acceso y uso del sitio web de <strong>Eficiencia y Eficacia<\/strong>\u00a0le atribuye la condici\u00f3n de usuario, aceptando con dicho acceso las condiciones de uso reflejadas en este documento. Dichas condiciones ser\u00e1n independientes de las condiciones generales de contrataci\u00f3n en el caso de contratar alg\u00fan servicio con nuestra empresa.<\/span><\/p>\n<p><span>\u00a0<\/span><\/p>\n<h2><span>\u00a0<\/span><\/h2>\n<h2><span><strong>Condiciones de uso de este portal web<\/strong><\/span><\/h2>\n<p><span>El acceso a este sitio web es gratuito excepto en lo relativo al coste de la conexi\u00f3n a trav\u00e9s de la red de telecomunicaciones que tenga contratada el usuario con su proveedor.<\/span><\/p>\n<p><span>Queda expresamente prohibido el uso inadecuado de este sitio web, y por ende:<\/span><\/p>\n<p><span>\u2013 El uso de este sitio web para realizar actividades il\u00edcitas, ilegales o contrarias a la buena fe y al orden p\u00fablico<\/span><\/p>\n<p><span>\u2013 El uso contra bienes o intereses de <strong>Eficiencia y Eficacia<\/strong> o de terceros, o que de cualquier otra forma sobrecarguen, da\u00f1en o inutilicen las redes, servidores y dem\u00e1s equipos inform\u00e1ticos, productos o aplicaciones, de <strong>Eficiencia y Eficacia<\/strong>\u00a0o de terceros.<\/span><span>\u00a0<\/span><\/p>\n<p><span>\u2013 La difusi\u00f3n de contenidos o propaganda de car\u00e1cter racista, xen\u00f3fobo, pornogr\u00e1fico, de apolog\u00eda al terrorismo o de atentado contra los derechos humanos.<\/span><span>\u00a0<\/span><\/p>\n<p><span>\u2013 Introducir o difundir en la red virus inform\u00e1ticos o cualesquiera otros sistemas f\u00edsicos o l\u00f3gicos que sean susceptibles de provocar los da\u00f1os anteriormente mencionados.<\/span><\/p>\n<p><span>\u00a0<\/span><\/p>\n<h2><strong>Modificaciones en el sitio web<\/strong><\/h2>\n<p><span><strong>Eficiencia y Eficacia<\/strong> se reserva el derecho de efectuar las modificaciones que considere oportunas en este sitio web, sin previo aviso, pudiendo cambiar, suprimir o a\u00f1adir tanto los contenidos y servicios que se presten a trav\u00e9s de la misma, como la forma en la que \u00e9stos aparezcan presentados o localizados en su portal.<\/span><\/p>\n<p><span>\u00a0<\/span><\/p>\n<h2><span>\u00a0<\/span><strong>Modificaci\u00f3n de las presentes condiciones y duraci\u00f3n<\/strong><\/h2>\n<p><span><strong>Eficiencia y Eficacia <\/strong>podr\u00e1 modificar en cualquier momento estas condiciones, por lo que aconsejamos a los usuarios consultar peri\u00f3dicamente las mismas.<\/span><\/p>\n<p><span>\u00a0<\/span><\/p>\n<h2><span>\u00a0<\/span><strong>Legislaci\u00f3n aplicable y jurisdicci\u00f3n<\/strong><\/h2>\n<p><span>La relaci\u00f3n entre <strong>Eficiencia y Eficacia<\/strong>\u00a0y el usuario visitante de este sitio web, se regir\u00e1 por la normativa espa\u00f1ola vigente, y cualquier controversia se someter\u00e1 a los Juzgados y tribunales de Palma de Mallorca. Si el usuario sigue navegando por este sitio web est\u00e1 aceptando las normas se\u00f1aladas en este documento.<\/span><\/p>\n<p>[\/et_pb_text][\/et_pb_column][\/et_pb_row][\/et_pb_section]<\/p>\n","protected":false},"excerpt":{"rendered":"<p>Aviso Legal Dando cumplimiento al art\u00edculo 10 de la Ley 34\/2002, de 11 de julio, de Servicios de la Sociedad de la Informaci\u00f3n y del Comercio Electr\u00f3nico (LSSI), a continuaci\u00f3n se detallan los datos del titular y las normas de uso, de este sitio web: Datos del titular de la web Raz\u00f3n Social: Eficiencia y [&hellip;]<\/p>\n","protected":false},"author":1,"featured_media":0,"parent":0,"menu_order":0,"comment_status":"closed","ping_status":"closed","template":"","meta":{"_et_pb_use_builder":"on","_et_pb_old_content":"","_et_gb_content_width":"","footnotes":""},"class_list":["post-107","page","type-page","status-publish","hentry"],"yoast_head":"<!-- This site is optimized with the Yoast SEO plugin v25.7 - https:\/\/yoast.com\/wordpress\/plugins\/seo\/ -->\n<title>aviso - Eficiencia y Eficacia<\/title>\n<meta name=\"robots\" content=\"index, follow, max-snippet:-1, max-image-preview:large, max-video-preview:-1\" \/>\n<link rel=\"canonical\" href=\"https:\/\/eficienciayeficacia.es\/index.php\/aviso\/\" \/>\n<meta property=\"og:locale\" content=\"es_ES\" \/>\n<meta property=\"og:type\" content=\"article\" \/>\n<meta property=\"og:title\" content=\"aviso - Eficiencia y Eficacia\" \/>\n<meta property=\"og:description\" content=\"Aviso Legal Dando cumplimiento al art\u00edculo 10 de la Ley 34\/2002, de 11 de julio, de Servicios de la Sociedad de la Informaci\u00f3n y del Comercio Electr\u00f3nico (LSSI), a continuaci\u00f3n se detallan los datos del titular y las normas de uso, de este sitio web: Datos del titular de la web Raz\u00f3n Social: Eficiencia y [&hellip;]\" \/>\n<meta property=\"og:url\" content=\"https:\/\/eficienciayeficacia.es\/index.php\/aviso\/\" \/>\n<meta property=\"og:site_name\" content=\"Eficiencia y Eficacia\" \/>\n<meta property=\"article:modified_time\" content=\"2024-08-29T15:44:38+00:00\" \/>\n<meta name=\"twitter:card\" content=\"summary_large_image\" \/>\n<meta name=\"twitter:label1\" content=\"Tiempo de lectura\" \/>\n\t<meta name=\"twitter:data1\" content=\"4 minutos\" \/>\n<script type=\"application\/ld+json\" class=\"yoast-schema-graph\">{\"@context\":\"https:\/\/schema.org\",\"@graph\":[{\"@type\":\"WebPage\",\"@id\":\"https:\/\/eficienciayeficacia.es\/index.php\/aviso\/\",\"url\":\"https:\/\/eficienciayeficacia.es\/index.php\/aviso\/\",\"name\":\"aviso - Eficiencia y Eficacia\",\"isPartOf\":{\"@id\":\"http:\/\/eficienciayeficacia.es\/#website\"},\"datePublished\":\"2024-08-29T15:44:00+00:00\",\"dateModified\":\"2024-08-29T15:44:38+00:00\",\"breadcrumb\":{\"@id\":\"https:\/\/eficienciayeficacia.es\/index.php\/aviso\/#breadcrumb\"},\"inLanguage\":\"es\",\"potentialAction\":[{\"@type\":\"ReadAction\",\"target\":[\"https:\/\/eficienciayeficacia.es\/index.php\/aviso\/\"]}]},{\"@type\":\"BreadcrumbList\",\"@id\":\"https:\/\/eficienciayeficacia.es\/index.php\/aviso\/#breadcrumb\",\"itemListElement\":[{\"@type\":\"ListItem\",\"position\":1,\"name\":\"Portada\",\"item\":\"http:\/\/eficienciayeficacia.es\/\"},{\"@type\":\"ListItem\",\"position\":2,\"name\":\"aviso\"}]},{\"@type\":\"WebSite\",\"@id\":\"http:\/\/eficienciayeficacia.es\/#website\",\"url\":\"http:\/\/eficienciayeficacia.es\/\",\"name\":\"Eficiencia y Eficacia\",\"description\":\"\u2022\\tEn Eficiencia y Eficacia nos especializamos en la gesti\u00f3n integral y promoci\u00f3n comercial de comercios agrupados, as\u00ed como en la consultor\u00eda t\u00e9cnica para el desarrollo y crecimiento de negocios.\",\"potentialAction\":[{\"@type\":\"SearchAction\",\"target\":{\"@type\":\"EntryPoint\",\"urlTemplate\":\"http:\/\/eficienciayeficacia.es\/?s={search_term_string}\"},\"query-input\":{\"@type\":\"PropertyValueSpecification\",\"valueRequired\":true,\"valueName\":\"search_term_string\"}}],\"inLanguage\":\"es\"}]}<\/script>\n<!-- \/ Yoast SEO plugin. -->","yoast_head_json":{"title":"aviso - Eficiencia y Eficacia","robots":{"index":"index","follow":"follow","max-snippet":"max-snippet:-1","max-image-preview":"max-image-preview:large","max-video-preview":"max-video-preview:-1"},"canonical":"https:\/\/eficienciayeficacia.es\/index.php\/aviso\/","og_locale":"es_ES","og_type":"article","og_title":"aviso - Eficiencia y Eficacia","og_description":"Aviso Legal Dando cumplimiento al art\u00edculo 10 de la Ley 34\/2002, de 11 de julio, de Servicios de la Sociedad de la Informaci\u00f3n y del Comercio Electr\u00f3nico (LSSI), a continuaci\u00f3n se detallan los datos del titular y las normas de uso, de este sitio web: Datos del titular de la web Raz\u00f3n Social: Eficiencia y [&hellip;]","og_url":"https:\/\/eficienciayeficacia.es\/index.php\/aviso\/","og_site_name":"Eficiencia y Eficacia","article_modified_time":"2024-08-29T15:44:38+00:00","twitter_card":"summary_large_image","twitter_misc":{"Tiempo de lectura":"4 minutos"},"schema":{"@context":"https:\/\/schema.org","@graph":[{"@type":"WebPage","@id":"https:\/\/eficienciayeficacia.es\/index.php\/aviso\/","url":"https:\/\/eficienciayeficacia.es\/index.php\/aviso\/","name":"aviso - Eficiencia y Eficacia","isPartOf":{"@id":"http:\/\/eficienciayeficacia.es\/#website"},"datePublished":"2024-08-29T15:44:00+00:00","dateModified":"2024-08-29T15:44:38+00:00","breadcrumb":{"@id":"https:\/\/eficienciayeficacia.es\/index.php\/aviso\/#breadcrumb"},"inLanguage":"es","potentialAction":[{"@type":"ReadAction","target":["https:\/\/eficienciayeficacia.es\/index.php\/aviso\/"]}]},{"@type":"BreadcrumbList","@id":"https:\/\/eficienciayeficacia.es\/index.php\/aviso\/#breadcrumb","itemListElement":[{"@type":"ListItem","position":1,"name":"Portada","item":"http:\/\/eficienciayeficacia.es\/"},{"@type":"ListItem","position":2,"name":"aviso"}]},{"@type":"WebSite","@id":"http:\/\/eficienciayeficacia.es\/#website","url":"http:\/\/eficienciayeficacia.es\/","name":"Eficiencia y Eficacia","description":"\u2022\tEn Eficiencia y Eficacia nos especializamos en la gesti\u00f3n integral y promoci\u00f3n comercial de comercios agrupados, as\u00ed como en la consultor\u00eda t\u00e9cnica para el desarrollo y crecimiento de negocios.","potentialAction":[{"@type":"SearchAction","target":{"@type":"EntryPoint","urlTemplate":"http:\/\/eficienciayeficacia.es\/?s={search_term_string}"},"query-input":{"@type":"PropertyValueSpecification","valueRequired":true,"valueName":"search_term_string"}}],"inLanguage":"es"}]}},"_links":{"self":[{"href":"https:\/\/eficienciayeficacia.es\/index.php\/wp-json\/wp\/v2\/pages\/107","targetHints":{"allow":["GET"]}}],"collection":[{"href":"https:\/\/eficienciayeficacia.es\/index.php\/wp-json\/wp\/v2\/pages"}],"about":[{"href":"https:\/\/eficienciayeficacia.es\/index.php\/wp-json\/wp\/v2\/types\/page"}],"author":[{"embeddable":true,"href":"https:\/\/eficienciayeficacia.es\/index.php\/wp-json\/wp\/v2\/users\/1"}],"replies":[{"embeddable":true,"href":"https:\/\/eficienciayeficacia.es\/index.php\/wp-json\/wp\/v2\/comments?post=107"}],"version-history":[{"count":2,"href":"https:\/\/eficienciayeficacia.es\/index.php\/wp-json\/wp\/v2\/pages\/107\/revisions"}],"predecessor-version":[{"id":109,"href":"https:\/\/eficienciayeficacia.es\/index.php\/wp-json\/wp\/v2\/pages\/107\/revisions\/109"}],"wp:attachment":[{"href":"https:\/\/eficienciayeficacia.es\/index.php\/wp-json\/wp\/v2\/media?parent=107"}],"curies":[{"name":"wp","href":"https:\/\/api.w.org\/{rel}","templated":true}]}}