{"id":103,"date":"2024-08-29T15:36:07","date_gmt":"2024-08-29T15:36:07","guid":{"rendered":"https:\/\/eficienciayeficacia.es\/?page_id=103"},"modified":"2024-08-29T15:36:57","modified_gmt":"2024-08-29T15:36:57","slug":"accesibilidad","status":"publish","type":"page","link":"https:\/\/eficienciayeficacia.es\/index.php\/accesibilidad\/","title":{"rendered":"accesibilidad"},"content":{"rendered":"<p>[et_pb_section fb_built=\u00bb1&#8243; theme_builder_area=\u00bbpost_content\u00bb _builder_version=\u00bb4.27.0&#8243; _module_preset=\u00bbdefault\u00bb][et_pb_row _builder_version=\u00bb4.27.0&#8243; _module_preset=\u00bbdefault\u00bb theme_builder_area=\u00bbpost_content\u00bb][et_pb_column _builder_version=\u00bb4.27.0&#8243; _module_preset=\u00bbdefault\u00bb type=\u00bb4_4&#8243; theme_builder_area=\u00bbpost_content\u00bb][et_pb_text _builder_version=\u00bb4.27.0&#8243; _module_preset=\u00bbdefault\u00bb theme_builder_area=\u00bbpost_content\u00bb hover_enabled=\u00bb0&#8243; sticky_enabled=\u00bb0&#8243;]<\/p>\n<p><b>Eficiencia y Eficacia<\/b>\u00a0est\u00e1 comprometido con la accesibilidad en l\u00ednea para todas las personas, incluyendo aquellas con discapacidades o limitaciones en la capacidad de acceso. Nos esforzamos por hacer que nuestra web sea f\u00e1cil de usar y accesible para todos los usuarios.<\/p>\n<p>Estamos trabajando para garantizar que nuestra web cumpla con los est\u00e1ndares internacionales de accesibilidad establecidos por la World Wide Web Consortium (W3C) en las Pautas de Accesibilidad al Contenido Web (WCAG) 2.1. Nuestra web cumple con el nivel AA de las WCAG 2.1.<\/p>\n<p>&nbsp;<\/p>\n<div class=\"lista-checks-rojos\">\n<ul>\n<li>Existen etiquetas de texto alternativo para las im\u00e1genes que facilitan el acceso a los usuarios con dificultades visuales.<\/li>\n<li>Existe un modelo de navegaci\u00f3n pensado para que las personas con dificultades en el manejo del rat\u00f3n puedan navegar usando elementos alternativos: sintetizadores de voz, teclado, dict\u00e1fonos\u2026<\/li>\n<li>El color y contraste de los elementos est\u00e1n pensados para que puedan ser apreciados correctamente por todos los usuarios.<\/li>\n<li>La forma y composici\u00f3n de los elementos permite identificar de forma sencilla e intuitiva la funci\u00f3n para la que est\u00e1n creados.<\/li>\n<li>Existen etiquetas que permiten la lectura y navegaci\u00f3n de los gr\u00e1ficos y tablas.<\/li>\n<\/ul>\n<p>&nbsp;<\/p>\n<p>Estamos comprometidos a hacer que nuestra web sea accesible para todas las personas. Si tiene alguna dificultad para acceder a la informaci\u00f3n en nuestra web, no dude en ponerse en contacto con nosotros. Haremos todo lo posible para proporcionar la informaci\u00f3n en un formato accesible y adecuado para usted.<\/p>\n<p>Si tiene comentarios o sugerencias sobre la accesibilidad de nuestra web, no dude en hac\u00e9rnoslos saber. Apreciamos sus comentarios y estamos comprometidos a mejorar la accesibilidad de nuestra web para todos los usuarios.<\/p>\n<\/div>\n<p>[\/et_pb_text][\/et_pb_column][\/et_pb_row][\/et_pb_section]<\/p>\n","protected":false},"excerpt":{"rendered":"<p>Eficiencia y Eficacia\u00a0est\u00e1 comprometido con la accesibilidad en l\u00ednea para todas las personas, incluyendo aquellas con discapacidades o limitaciones en la capacidad de acceso. Nos esforzamos por hacer que nuestra web sea f\u00e1cil de usar y accesible para todos los usuarios. Estamos trabajando para garantizar que nuestra web cumpla con los est\u00e1ndares internacionales de accesibilidad [&hellip;]<\/p>\n","protected":false},"author":1,"featured_media":0,"parent":0,"menu_order":0,"comment_status":"closed","ping_status":"closed","template":"","meta":{"_et_pb_use_builder":"on","_et_pb_old_content":"","_et_gb_content_width":"","footnotes":""},"class_list":["post-103","page","type-page","status-publish","hentry"],"yoast_head":"<!-- This site is optimized with the Yoast SEO plugin v25.7 - https:\/\/yoast.com\/wordpress\/plugins\/seo\/ -->\n<title>accesibilidad - Eficiencia y Eficacia<\/title>\n<meta name=\"robots\" content=\"index, follow, max-snippet:-1, max-image-preview:large, max-video-preview:-1\" \/>\n<link rel=\"canonical\" href=\"https:\/\/eficienciayeficacia.es\/index.php\/accesibilidad\/\" \/>\n<meta property=\"og:locale\" content=\"es_ES\" \/>\n<meta property=\"og:type\" content=\"article\" \/>\n<meta property=\"og:title\" content=\"accesibilidad - Eficiencia y Eficacia\" \/>\n<meta property=\"og:description\" content=\"Eficiencia y Eficacia\u00a0est\u00e1 comprometido con la accesibilidad en l\u00ednea para todas las personas, incluyendo aquellas con discapacidades o limitaciones en la capacidad de acceso. Nos esforzamos por hacer que nuestra web sea f\u00e1cil de usar y accesible para todos los usuarios. Estamos trabajando para garantizar que nuestra web cumpla con los est\u00e1ndares internacionales de accesibilidad [&hellip;]\" \/>\n<meta property=\"og:url\" content=\"https:\/\/eficienciayeficacia.es\/index.php\/accesibilidad\/\" \/>\n<meta property=\"og:site_name\" content=\"Eficiencia y Eficacia\" \/>\n<meta property=\"article:modified_time\" content=\"2024-08-29T15:36:57+00:00\" \/>\n<meta name=\"twitter:card\" content=\"summary_large_image\" \/>\n<meta name=\"twitter:label1\" content=\"Tiempo de lectura\" \/>\n\t<meta name=\"twitter:data1\" content=\"2 minutos\" \/>\n<script type=\"application\/ld+json\" class=\"yoast-schema-graph\">{\"@context\":\"https:\/\/schema.org\",\"@graph\":[{\"@type\":\"WebPage\",\"@id\":\"https:\/\/eficienciayeficacia.es\/index.php\/accesibilidad\/\",\"url\":\"https:\/\/eficienciayeficacia.es\/index.php\/accesibilidad\/\",\"name\":\"accesibilidad - Eficiencia y Eficacia\",\"isPartOf\":{\"@id\":\"http:\/\/eficienciayeficacia.es\/#website\"},\"datePublished\":\"2024-08-29T15:36:07+00:00\",\"dateModified\":\"2024-08-29T15:36:57+00:00\",\"breadcrumb\":{\"@id\":\"https:\/\/eficienciayeficacia.es\/index.php\/accesibilidad\/#breadcrumb\"},\"inLanguage\":\"es\",\"potentialAction\":[{\"@type\":\"ReadAction\",\"target\":[\"https:\/\/eficienciayeficacia.es\/index.php\/accesibilidad\/\"]}]},{\"@type\":\"BreadcrumbList\",\"@id\":\"https:\/\/eficienciayeficacia.es\/index.php\/accesibilidad\/#breadcrumb\",\"itemListElement\":[{\"@type\":\"ListItem\",\"position\":1,\"name\":\"Portada\",\"item\":\"http:\/\/eficienciayeficacia.es\/\"},{\"@type\":\"ListItem\",\"position\":2,\"name\":\"accesibilidad\"}]},{\"@type\":\"WebSite\",\"@id\":\"http:\/\/eficienciayeficacia.es\/#website\",\"url\":\"http:\/\/eficienciayeficacia.es\/\",\"name\":\"Eficiencia y Eficacia\",\"description\":\"\u2022\\tEn Eficiencia y Eficacia nos especializamos en la gesti\u00f3n integral y promoci\u00f3n comercial de comercios agrupados, as\u00ed como en la consultor\u00eda t\u00e9cnica para el desarrollo y crecimiento de negocios.\",\"potentialAction\":[{\"@type\":\"SearchAction\",\"target\":{\"@type\":\"EntryPoint\",\"urlTemplate\":\"http:\/\/eficienciayeficacia.es\/?s={search_term_string}\"},\"query-input\":{\"@type\":\"PropertyValueSpecification\",\"valueRequired\":true,\"valueName\":\"search_term_string\"}}],\"inLanguage\":\"es\"}]}<\/script>\n<!-- \/ Yoast SEO plugin. -->","yoast_head_json":{"title":"accesibilidad - Eficiencia y Eficacia","robots":{"index":"index","follow":"follow","max-snippet":"max-snippet:-1","max-image-preview":"max-image-preview:large","max-video-preview":"max-video-preview:-1"},"canonical":"https:\/\/eficienciayeficacia.es\/index.php\/accesibilidad\/","og_locale":"es_ES","og_type":"article","og_title":"accesibilidad - Eficiencia y Eficacia","og_description":"Eficiencia y Eficacia\u00a0est\u00e1 comprometido con la accesibilidad en l\u00ednea para todas las personas, incluyendo aquellas con discapacidades o limitaciones en la capacidad de acceso. Nos esforzamos por hacer que nuestra web sea f\u00e1cil de usar y accesible para todos los usuarios. Estamos trabajando para garantizar que nuestra web cumpla con los est\u00e1ndares internacionales de accesibilidad [&hellip;]","og_url":"https:\/\/eficienciayeficacia.es\/index.php\/accesibilidad\/","og_site_name":"Eficiencia y Eficacia","article_modified_time":"2024-08-29T15:36:57+00:00","twitter_card":"summary_large_image","twitter_misc":{"Tiempo de lectura":"2 minutos"},"schema":{"@context":"https:\/\/schema.org","@graph":[{"@type":"WebPage","@id":"https:\/\/eficienciayeficacia.es\/index.php\/accesibilidad\/","url":"https:\/\/eficienciayeficacia.es\/index.php\/accesibilidad\/","name":"accesibilidad - Eficiencia y Eficacia","isPartOf":{"@id":"http:\/\/eficienciayeficacia.es\/#website"},"datePublished":"2024-08-29T15:36:07+00:00","dateModified":"2024-08-29T15:36:57+00:00","breadcrumb":{"@id":"https:\/\/eficienciayeficacia.es\/index.php\/accesibilidad\/#breadcrumb"},"inLanguage":"es","potentialAction":[{"@type":"ReadAction","target":["https:\/\/eficienciayeficacia.es\/index.php\/accesibilidad\/"]}]},{"@type":"BreadcrumbList","@id":"https:\/\/eficienciayeficacia.es\/index.php\/accesibilidad\/#breadcrumb","itemListElement":[{"@type":"ListItem","position":1,"name":"Portada","item":"http:\/\/eficienciayeficacia.es\/"},{"@type":"ListItem","position":2,"name":"accesibilidad"}]},{"@type":"WebSite","@id":"http:\/\/eficienciayeficacia.es\/#website","url":"http:\/\/eficienciayeficacia.es\/","name":"Eficiencia y Eficacia","description":"\u2022\tEn Eficiencia y Eficacia nos especializamos en la gesti\u00f3n integral y promoci\u00f3n comercial de comercios agrupados, as\u00ed como en la consultor\u00eda t\u00e9cnica para el desarrollo y crecimiento de negocios.","potentialAction":[{"@type":"SearchAction","target":{"@type":"EntryPoint","urlTemplate":"http:\/\/eficienciayeficacia.es\/?s={search_term_string}"},"query-input":{"@type":"PropertyValueSpecification","valueRequired":true,"valueName":"search_term_string"}}],"inLanguage":"es"}]}},"_links":{"self":[{"href":"https:\/\/eficienciayeficacia.es\/index.php\/wp-json\/wp\/v2\/pages\/103","targetHints":{"allow":["GET"]}}],"collection":[{"href":"https:\/\/eficienciayeficacia.es\/index.php\/wp-json\/wp\/v2\/pages"}],"about":[{"href":"https:\/\/eficienciayeficacia.es\/index.php\/wp-json\/wp\/v2\/types\/page"}],"author":[{"embeddable":true,"href":"https:\/\/eficienciayeficacia.es\/index.php\/wp-json\/wp\/v2\/users\/1"}],"replies":[{"embeddable":true,"href":"https:\/\/eficienciayeficacia.es\/index.php\/wp-json\/wp\/v2\/comments?post=103"}],"version-history":[{"count":2,"href":"https:\/\/eficienciayeficacia.es\/index.php\/wp-json\/wp\/v2\/pages\/103\/revisions"}],"predecessor-version":[{"id":105,"href":"https:\/\/eficienciayeficacia.es\/index.php\/wp-json\/wp\/v2\/pages\/103\/revisions\/105"}],"wp:attachment":[{"href":"https:\/\/eficienciayeficacia.es\/index.php\/wp-json\/wp\/v2\/media?parent=103"}],"curies":[{"name":"wp","href":"https:\/\/api.w.org\/{rel}","templated":true}]}}